{"id":237,"date":"2020-10-29T16:17:18","date_gmt":"2020-10-29T16:17:18","guid":{"rendered":"http:\/\/localhost\/cartas\/?page_id=237"},"modified":"2020-11-23T17:44:22","modified_gmt":"2020-11-23T17:44:22","slug":"speisekarte","status":"publish","type":"page","link":"http:\/\/menu.meliacuba.cu\/MBV\/los_navegantes\/?page_id=237&lang=de","title":{"rendered":"MENU"},"content":{"rendered":"\n<div class=\"erm_menu erm_menu-id-230\"\n     id=\"erm_menu-id-230\"\n>\n    \t<h1 class=\"erm_title\">MENU DE<\/h1>\n\t<div class=\"erm_desc\"><\/div>\n\t\n<div class=\"erm_menu_content\">\n\n    <div class=\"erm_section\">\n\n\t\n    <h2 class=\"erm_section_title\">LOS NAVEGANTES Abendmen\u00fc 18:30 &#8211; 21:00 Uhr<\/h2>\n    <div class=\"erm_section_desc\"><\/div>\n\n\t\n<\/div>\n<div class=\"erm_section\">\n\n\t\n    <h2 class=\"erm_section_title\">Vorspeisen<\/h2>\n    <div class=\"erm_section_desc\"><\/div>\n\n\t\n<\/div>\n\n<div class=\"erm_product no_image\">\n\n    \n    <div class=\"erm_title_price_desc\">\n\n        <div class=\"erm_title_price\">\n            <h3 class=\"erm_product_title\">Spezialit\u00e4t des K\u00fcchenchefs: H\u00e4hnchen-, Gurken- und Mayonnaisesalat.<\/h3>\n            <div class=\"erm_product_price\">\n\t\n<\/div>\n        <\/div>\n\n        <div class=\"erm_product_desc\">\n    <\/div>\n\n    <\/div>\n\n<\/div>\n\n\n<div class=\"erm_section\">\n\n\t\n    <h2 class=\"erm_section_title\">SUPPE<\/h2>\n    <div class=\"erm_section_desc\"><\/div>\n\n\t\n<\/div>\n\n<div class=\"erm_product no_image\">\n\n    \n    <div class=\"erm_title_price_desc\">\n\n        <div class=\"erm_title_price\">\n            <h3 class=\"erm_product_title\">Bohnen-Fabada.<\/h3>\n            <div class=\"erm_product_price\">\n\t\n<\/div>\n        <\/div>\n\n        <div class=\"erm_product_desc\">\n    <\/div>\n\n    <\/div>\n\n<\/div>\n\n\n\n<div class=\"erm_product no_image\">\n\n    \n    <div class=\"erm_title_price_desc\">\n\n        <div class=\"erm_title_price\">\n            <h3 class=\"erm_product_title\">H\u00fchnersuppe.<\/h3>\n            <div class=\"erm_product_price\">\n\t\n<\/div>\n        <\/div>\n\n        <div class=\"erm_product_desc\">\n    <\/div>\n\n    <\/div>\n\n<\/div>\n\n\n<div class=\"erm_section\">\n\n\t\n    <h2 class=\"erm_section_title\">HAUPTGERICHT<\/h2>\n    <div class=\"erm_section_desc\"><\/div>\n\n\t\n<\/div>\n\n<div class=\"erm_product no_image\">\n\n    \n    <div class=\"erm_title_price_desc\">\n\n        <div class=\"erm_title_price\">\n            <h3 class=\"erm_product_title\">Gegrilltes Schweinesteak, mariniert in feinen Kr\u00e4utern und Pilzsauce.<\/h3>\n            <div class=\"erm_product_price\">\n\t\n<\/div>\n        <\/div>\n\n        <div class=\"erm_product_desc\">\n    <\/div>\n\n    <\/div>\n\n<\/div>\n\n\n\n<div class=\"erm_product no_image\">\n\n    \n    <div class=\"erm_title_price_desc\">\n\n        <div class=\"erm_title_price\">\n            <h3 class=\"erm_product_title\">Gegrillte H\u00e4hnchenbrust in Honig-Senf-Sauce.<\/h3>\n            <div class=\"erm_product_price\">\n\t\n<\/div>\n        <\/div>\n\n        <div class=\"erm_product_desc\">\n    <\/div>\n\n    <\/div>\n\n<\/div>\n\n\n\n<div class=\"erm_product no_image\">\n\n    \n    <div class=\"erm_title_price_desc\">\n\n        <div class=\"erm_title_price\">\n            <h3 class=\"erm_product_title\">Gegrilltes Lachsfilet in Orangensauce.<\/h3>\n            <div class=\"erm_product_price\">\n\t\n<\/div>\n        <\/div>\n\n        <div class=\"erm_product_desc\">\n    <\/div>\n\n    <\/div>\n\n<\/div>\n\n\n\n<div class=\"erm_product no_image\">\n\n    \n    <div class=\"erm_title_price_desc\">\n\n        <div class=\"erm_title_price\">\n            <h3 class=\"erm_product_title\">Tagliatelle in Bolognesesauce.<\/h3>\n            <div class=\"erm_product_price\">\n\t\n<\/div>\n        <\/div>\n\n        <div class=\"erm_product_desc\">\n    <\/div>\n\n    <\/div>\n\n<\/div>\n\n\n\n<div class=\"erm_product no_image\">\n\n    \n    <div class=\"erm_title_price_desc\">\n\n        <div class=\"erm_title_price\">\n            <h3 class=\"erm_product_title\">Nudeln in B\u00e9chamelsauce.<\/h3>\n            <div class=\"erm_product_price\">\n\t\n<\/div>\n        <\/div>\n\n        <div class=\"erm_product_desc\">\n    <\/div>\n\n    <\/div>\n\n<\/div>\n\n\n<div class=\"erm_section\">\n\n\t\n    <h2 class=\"erm_section_title\">BEILAGE<\/h2>\n    <div class=\"erm_section_desc\"><\/div>\n\n\t\n<\/div>\n\n<div class=\"erm_product no_image\">\n\n    \n    <div class=\"erm_title_price_desc\">\n\n        <div class=\"erm_title_price\">\n            <h3 class=\"erm_product_title\">Congri-Reis.<\/h3>\n            <div class=\"erm_product_price\">\n\t\n<\/div>\n        <\/div>\n\n        <div class=\"erm_product_desc\">\n    <\/div>\n\n    <\/div>\n\n<\/div>\n\n\n\n<div class=\"erm_product no_image\">\n\n    \n    <div class=\"erm_title_price_desc\">\n\n        <div class=\"erm_title_price\">\n            <h3 class=\"erm_product_title\">S\u00fc\u00dfkartoffelp\u00fcree.<\/h3>\n            <div class=\"erm_product_price\">\n\t\n<\/div>\n        <\/div>\n\n        <div class=\"erm_product_desc\">\n    <\/div>\n\n    <\/div>\n\n<\/div>\n\n\n\n<div class=\"erm_product no_image\">\n\n    \n    <div class=\"erm_title_price_desc\">\n\n        <div class=\"erm_title_price\">\n            <h3 class=\"erm_product_title\">K\u00fcrbis mariniert in feinen Kr\u00e4utern.<\/h3>\n            <div class=\"erm_product_price\">\n\t\n<\/div>\n        <\/div>\n\n        <div class=\"erm_product_desc\">\n    <\/div>\n\n    <\/div>\n\n<\/div>\n\n\n<div class=\"erm_section\">\n\n\t\n    <h2 class=\"erm_section_title\">DESSERTS<\/h2>\n    <div class=\"erm_section_desc\"><\/div>\n\n\t\n<\/div>\n\n<div class=\"erm_product no_image\">\n\n    \n    <div class=\"erm_title_price_desc\">\n\n        <div class=\"erm_title_price\">\n            <h3 class=\"erm_product_title\">Spezialit\u00e4t des K\u00fcchenchefs<\/h3>\n            <div class=\"erm_product_price\">\n\t\n<\/div>\n        <\/div>\n\n        <div class=\"erm_product_desc\">\n    <\/div>\n\n    <\/div>\n\n<\/div>\n\n\n\n<div class=\"erm_product no_image\">\n\n    \n    <div class=\"erm_title_price_desc\">\n\n        <div class=\"erm_title_price\">\n            <h3 class=\"erm_product_title\">Eis<\/h3>\n            <div class=\"erm_product_price\">\n\t\n<\/div>\n        <\/div>\n\n        <div class=\"erm_product_desc\">\n    <\/div>\n\n    <\/div>\n\n<\/div>\n\n\n<div class=\"erm_section\">\n\n\t\n    <h2 class=\"erm_section_title\">NOTIZEN<\/h2>\n    <div class=\"erm_section_desc\"><\/div>\n\n\t\n<\/div>\n\n<div class=\"erm_product no_image\">\n\n    \n    <div class=\"erm_title_price_desc\">\n\n        <div class=\"erm_title_price\">\n            <h3 class=\"erm_product_title\">IM FALL, DASS SIE EINE ALLERGIE ODER UNVERTR\u00c4GLICHKEIT HABEN, KONTAKTIEREN SIE BITTE EINE VERANTWORTLICHE PERSON. VIELEN DANK.<\/h3>\n            <div class=\"erm_product_price\">\n\t\n<\/div>\n        <\/div>\n\n        <div class=\"erm_product_desc\">\n    <\/div>\n\n    <\/div>\n\n<\/div>\n\n\n\n<\/div>\n\n<div class=\"erm_footer_desc\"><\/div>\n\n<\/div>\n\n","protected":false},"excerpt":{"rendered":"","protected":false},"author":1,"featured_media":0,"parent":0,"menu_order":0,"comment_status":"closed","ping_status":"closed","template":"","meta":[],"_links":{"self":[{"href":"http:\/\/menu.meliacuba.cu\/MBV\/los_navegantes\/index.php?rest_route=\/wp\/v2\/pages\/237"}],"collection":[{"href":"http:\/\/menu.meliacuba.cu\/MBV\/los_navegantes\/index.php?rest_route=\/wp\/v2\/pages"}],"about":[{"href":"http:\/\/menu.meliacuba.cu\/MBV\/los_navegantes\/index.php?rest_route=\/wp\/v2\/types\/page"}],"author":[{"embeddable":true,"href":"http:\/\/menu.meliacuba.cu\/MBV\/los_navegantes\/index.php?rest_route=\/wp\/v2\/users\/1"}],"replies":[{"embeddable":true,"href":"http:\/\/menu.meliacuba.cu\/MBV\/los_navegantes\/index.php?rest_route=%2Fwp%2Fv2%2Fcomments&post=237"}],"version-history":[{"count":2,"href":"http:\/\/menu.meliacuba.cu\/MBV\/los_navegantes\/index.php?rest_route=\/wp\/v2\/pages\/237\/revisions"}],"predecessor-version":[{"id":1674,"href":"http:\/\/menu.meliacuba.cu\/MBV\/los_navegantes\/index.php?rest_route=\/wp\/v2\/pages\/237\/revisions\/1674"}],"wp:attachment":[{"href":"http:\/\/menu.meliacuba.cu\/MBV\/los_navegantes\/index.php?rest_route=%2Fwp%2Fv2%2Fmedia&parent=237"}],"curies":[{"name":"wp","href":"https:\/\/api.w.org\/{rel}","templated":true}]}}